{"id":20,"date":"2020-02-16T20:46:53","date_gmt":"2020-02-16T19:46:53","guid":{"rendered":"http:\/\/prazadasyl.fr\/?page_id=20"},"modified":"2020-08-07T15:50:59","modified_gmt":"2020-08-07T13:50:59","slug":"contacts-et-reservations","status":"publish","type":"page","link":"https:\/\/prazadasyl.fr\/index.php\/contacts-et-reservations\/","title":{"rendered":"Contacts"},"content":{"rendered":"<div data-colibri-id=\"20-c1\" class=\"style-435 style-local-20-c1 position-relative\">\r\n  <!---->\r\n  <div data-colibri-component=\"section\" data-colibri-id=\"20-c2\" id=\"custom\" class=\"h-section h-section-global-spacing d-flex align-items-lg-center align-items-md-center align-items-center style-436 style-local-20-c2 position-relative\">\r\n    <!---->\r\n    <!---->\r\n    <div class=\"h-section-grid-container h-section-boxed-container\">\r\n      <!---->\r\n      <div data-colibri-id=\"20-c3\" class=\"h-row-container gutters-row-lg-2 gutters-row-md-2 gutters-row-0 gutters-row-v-lg-2 gutters-row-v-md-2 gutters-row-v-2 style-441 style-local-20-c3 position-relative\">\r\n        <!---->\r\n        <div class=\"h-row justify-content-lg-center justify-content-md-center justify-content-center align-items-lg-stretch align-items-md-stretch align-items-stretch gutters-col-lg-2 gutters-col-md-2 gutters-col-0 gutters-col-v-lg-2 gutters-col-v-md-2 gutters-col-v-2\">\r\n          <!---->\r\n          <div class=\"h-column h-column-container d-flex h-col-lg-12 h-col-md-12 h-col-12 style-442-outer style-local-20-c4-outer\">\r\n            <div data-colibri-id=\"20-c4\" class=\"d-flex h-flex-basis h-column__inner h-px-lg-2 h-px-md-2 h-px-2 v-inner-lg-2 v-inner-md-2 v-inner-2 style-442 style-local-20-c4 position-relative\">\r\n              <!---->\r\n              <!---->\r\n              <div class=\"w-100 h-y-container h-column__content h-column__v-align flex-basis-100 align-self-lg-start align-self-md-start align-self-start\">\r\n                <!---->\r\n                <div data-colibri-id=\"20-c5\" class=\"h-text h-text-component style-444 style-local-20-c5 position-relative h-element\">\r\n                  <!---->\r\n                  <!---->\r\n                  <div class=\"\">\r\n                    <p>Pour toutes questions ou r\u00e9servations, vous pouvez nous contacter :<\/p>\r\n                  <\/div>\r\n                <\/div>\r\n              <\/div>\r\n            <\/div>\r\n          <\/div>\r\n        <\/div>\r\n      <\/div>\r\n      <div data-colibri-id=\"20-c9\" class=\"h-row-container gutters-row-lg-2 gutters-row-md-2 gutters-row-0 gutters-row-v-lg-2 gutters-row-v-md-2 gutters-row-v-2 style-445 style-local-20-c9 position-relative\">\r\n        <!---->\r\n        <div class=\"h-row justify-content-lg-center justify-content-md-center justify-content-center align-items-lg-stretch align-items-md-stretch align-items-stretch gutters-col-lg-2 gutters-col-md-2 gutters-col-0 gutters-col-v-lg-2 gutters-col-v-md-2 gutters-col-v-2\">\r\n          <!---->\r\n          <div class=\"h-column h-column-container d-flex h-col-lg-12 h-col-md-12 h-col-12 style-449-outer style-local-20-c13-outer\">\r\n            <div data-colibri-id=\"20-c13\" class=\"d-flex h-flex-basis h-column__inner h-px-lg-2 h-px-md-2 h-px-2 v-inner-lg-2 v-inner-md-2 v-inner-2 style-449 style-local-20-c13 position-relative\">\r\n              <!---->\r\n              <!---->\r\n              <div class=\"w-100 h-y-container h-column__content h-column__v-align flex-basis-100 align-self-lg-start align-self-md-start align-self-start\">\r\n                <!---->\r\n                <div data-colibri-id=\"20-c14\" class=\"h-text h-text-component style-450 style-local-20-c14 position-relative h-element\">\r\n                  <!---->\r\n                  <!---->\r\n                  <div class=\"\">\r\n                    <p>&#8211; Par t\u00e9l\u00e9phone :&nbsp;<span style=\"font-weight: 400; font-size: 20px; font-family: &quot;Open Sans&quot;; color: rgb(70, 112, 127);\">06 31 59 58 24<\/span><\/p>\r\n                  <\/div>\r\n                <\/div>\r\n              <\/div>\r\n            <\/div>\r\n          <\/div>\r\n        <\/div>\r\n      <\/div>\r\n      <div data-colibri-id=\"20-c19\" class=\"h-row-container gutters-row-lg-2 gutters-row-md-2 gutters-row-0 gutters-row-v-lg-2 gutters-row-v-md-2 gutters-row-v-2 style-455 style-local-20-c19 position-relative\">\r\n        <!---->\r\n        <div class=\"h-row justify-content-lg-center justify-content-md-center justify-content-center align-items-lg-stretch align-items-md-stretch align-items-stretch gutters-col-lg-2 gutters-col-md-2 gutters-col-0 gutters-col-v-lg-2 gutters-col-v-md-2 gutters-col-v-2\">\r\n          <!---->\r\n          <div class=\"h-column h-column-container d-flex h-col-lg-12 h-col-md-12 h-col-12 style-456-outer style-local-20-c20-outer\">\r\n            <div data-colibri-id=\"20-c20\" class=\"d-flex h-flex-basis h-column__inner h-px-lg-2 h-px-md-2 h-px-2 v-inner-lg-2 v-inner-md-2 v-inner-2 style-456 style-local-20-c20 position-relative\">\r\n              <!---->\r\n              <!---->\r\n              <div class=\"w-100 h-y-container h-column__content h-column__v-align flex-basis-100 align-self-lg-start align-self-md-start align-self-start\">\r\n                <!---->\r\n                <div data-colibri-id=\"20-c22\" class=\"h-text h-text-component style-458 style-local-20-c22 position-relative h-element\">\r\n                  <!---->\r\n                  <!---->\r\n                  <div class=\"\">\r\n                    <p>&#8211; En utilisant le formulaire suivant :<\/p>\r\n                  <\/div>\r\n                <\/div>\r\n              <\/div>\r\n            <\/div>\r\n          <\/div>\r\n        <\/div>\r\n      <\/div>\r\n      <div data-colibri-id=\"20-c6\" class=\"h-row-container gutters-row-lg-2 gutters-row-md-2 gutters-row-0 gutters-row-v-lg-2 gutters-row-v-md-2 gutters-row-v-2 style-437 style-local-20-c6 position-relative\">\r\n        <!---->\r\n        <div class=\"h-row justify-content-lg-center justify-content-md-center justify-content-center align-items-lg-stretch align-items-md-stretch align-items-stretch gutters-col-lg-2 gutters-col-md-2 gutters-col-0 gutters-col-v-lg-2 gutters-col-v-md-2 gutters-col-v-2\">\r\n          <!---->\r\n          <div class=\"h-column h-column-container d-flex h-col-lg-auto h-col-md-auto h-col-auto style-438-outer style-local-20-c7-outer\">\r\n            <div data-colibri-id=\"20-c7\" class=\"d-flex h-flex-basis h-column__inner h-px-lg-2 h-px-md-2 h-px-2 v-inner-lg-2 v-inner-md-2 v-inner-2 style-438 style-local-20-c7 position-relative\">\r\n              <!---->\r\n              <!---->\r\n              <div class=\"w-100 h-y-container h-column__content h-column__v-align flex-basis-100 align-self-lg-start align-self-md-start align-self-start\">\r\n                <!---->\r\n                <div data-colibri-id=\"20-c8\" class=\"style-440 style-local-20-c8 position-relative h-element\">\r\n                  <!---->\r\n                  <div class=\"h-global-transition-all h-contact-form-shortcode h-global-transition h-global-transition-all\"><div class=\"wpforms-container wpforms-container-full\" id=\"wpforms-352\"><form id=\"wpforms-form-352\" class=\"wpforms-validate wpforms-form\" data-formid=\"352\" method=\"post\" enctype=\"multipart\/form-data\" action=\"\/index.php\/wp-json\/wp\/v2\/pages\/20\" data-token=\"70926d26ef61322ca418ab9508fec7ce\" data-token-time=\"1776496179\"><noscript class=\"wpforms-error-noscript\">Veuillez activer JavaScript dans votre navigateur pour remplir ce formulaire.<\/noscript><div class=\"wpforms-field-container\"><div id=\"wpforms-352-field_0-container\" class=\"wpforms-field wpforms-field-name\" data-field-id=\"0\"><label class=\"wpforms-field-label\" for=\"wpforms-352-field_0\">Nom <span class=\"wpforms-required-label\">*<\/span><\/label><input type=\"text\" id=\"wpforms-352-field_0\" class=\"wpforms-field-large wpforms-field-required\" name=\"wpforms[fields][0]\" required><\/div><div id=\"wpforms-352-field_1-container\" class=\"wpforms-field wpforms-field-email\" data-field-id=\"1\"><label class=\"wpforms-field-label\" for=\"wpforms-352-field_1\">Email <span class=\"wpforms-required-label\">*<\/span><\/label><input type=\"email\" id=\"wpforms-352-field_1\" class=\"wpforms-field-large wpforms-field-required\" name=\"wpforms[fields][1]\" spellcheck=\"false\" required><\/div><div id=\"wpforms-352-field_2-container\" class=\"wpforms-field wpforms-field-textarea\" data-field-id=\"2\"><label class=\"wpforms-field-label\" for=\"wpforms-352-field_2\">Message <span class=\"wpforms-required-label\">*<\/span><\/label><textarea id=\"wpforms-352-field_2\" class=\"wpforms-field-large wpforms-field-required\" name=\"wpforms[fields][2]\" required><\/textarea><\/div><\/div><!-- .wpforms-field-container --><div class=\"wpforms-field wpforms-field-hp\"><label for=\"wpforms-352-field-hp\" class=\"wpforms-field-label\">Name<\/label><input type=\"text\" name=\"wpforms[hp]\" id=\"wpforms-352-field-hp\" class=\"wpforms-field-medium\"><\/div><div class=\"wpforms-submit-container\" ><input type=\"hidden\" name=\"wpforms[id]\" value=\"352\"><input type=\"hidden\" name=\"page_title\" value=\"\"><input type=\"hidden\" name=\"page_url\" value=\"https:\/\/prazadasyl.fr\/index.php\/wp-json\/wp\/v2\/pages\/20\"><input type=\"hidden\" name=\"url_referer\" value=\"\"><button type=\"submit\" name=\"wpforms[submit]\" id=\"wpforms-submit-352\" class=\"wpforms-submit button color1\" data-alt-text=\"Sending...\" data-submit-text=\"Envoyer\" aria-live=\"assertive\" value=\"wpforms-submit\">Envoyer<\/button><\/div><\/form><\/div>  <!-- .wpforms-container --><\/div>\r\n                <\/div>\r\n              <\/div>\r\n            <\/div>\r\n          <\/div>\r\n        <\/div>\r\n      <\/div>\r\n    <\/div>\r\n  <\/div>\r\n<\/div>","protected":false},"excerpt":{"rendered":"<p>Pour toutes questions ou r\u00e9servations, vous pouvez nous contacter : &#8211; Par t\u00e9l\u00e9phone :&nbsp;06 31 59 58 24 &#8211; En utilisant le formulaire suivant :<\/p>\n","protected":false},"author":1,"featured_media":0,"parent":0,"menu_order":0,"comment_status":"closed","ping_status":"closed","template":"page-templates\/full-width-page.php","meta":{"footnotes":""},"class_list":["post-20","page","type-page","status-publish","hentry"],"yoast_head":"<!-- This site is optimized with the Yoast SEO plugin v26.7 - https:\/\/yoast.com\/wordpress\/plugins\/seo\/ -->\n<title>Contacts et r\u00e9servation - Chambre d&#039;h\u00f4tes - suite de charme - Prazadasyl<\/title>\n<meta name=\"description\" content=\"Contact et r\u00e9servation de notre chambre d&#039;h\u00f4tes, suite de charme insolite \u00e0 proximit\u00e9 de Cognac, Charente Maritime\" \/>\n<meta name=\"robots\" content=\"index, follow, max-snippet:-1, max-image-preview:large, max-video-preview:-1\" \/>\n<link rel=\"canonical\" href=\"http:\/\/prazadasyl.fr\/index.php\/contacts-et-reservations\/\" \/>\n<meta property=\"og:locale\" content=\"fr_FR\" \/>\n<meta property=\"og:type\" content=\"article\" \/>\n<meta property=\"og:title\" content=\"Contacts et r\u00e9servation - Chambre d&#039;h\u00f4tes - suite de charme - Prazadasyl\" \/>\n<meta property=\"og:description\" content=\"Contact et r\u00e9servation de notre chambre d&#039;h\u00f4tes, suite de charme insolite \u00e0 proximit\u00e9 de Cognac, Charente Maritime\" \/>\n<meta property=\"og:url\" content=\"http:\/\/prazadasyl.fr\/index.php\/contacts-et-reservations\/\" \/>\n<meta property=\"og:site_name\" content=\"Prazadasyl\" \/>\n<meta property=\"article:modified_time\" content=\"2020-08-07T13:50:59+00:00\" \/>\n<meta name=\"twitter:card\" content=\"summary_large_image\" \/>\n<script type=\"application\/ld+json\" class=\"yoast-schema-graph\">{\"@context\":\"https:\/\/schema.org\",\"@graph\":[{\"@type\":\"WebPage\",\"@id\":\"http:\/\/prazadasyl.fr\/index.php\/contacts-et-reservations\/\",\"url\":\"http:\/\/prazadasyl.fr\/index.php\/contacts-et-reservations\/\",\"name\":\"Contacts et r\u00e9servation - Chambre d'h\u00f4tes - suite de charme - Prazadasyl\",\"isPartOf\":{\"@id\":\"https:\/\/prazadasyl.fr\/#website\"},\"datePublished\":\"2020-02-16T19:46:53+00:00\",\"dateModified\":\"2020-08-07T13:50:59+00:00\",\"description\":\"Contact et r\u00e9servation de notre chambre d'h\u00f4tes, suite de charme insolite \u00e0 proximit\u00e9 de Cognac, Charente Maritime\",\"breadcrumb\":{\"@id\":\"http:\/\/prazadasyl.fr\/index.php\/contacts-et-reservations\/#breadcrumb\"},\"inLanguage\":\"fr-FR\",\"potentialAction\":[{\"@type\":\"ReadAction\",\"target\":[\"http:\/\/prazadasyl.fr\/index.php\/contacts-et-reservations\/\"]}]},{\"@type\":\"BreadcrumbList\",\"@id\":\"http:\/\/prazadasyl.fr\/index.php\/contacts-et-reservations\/#breadcrumb\",\"itemListElement\":[{\"@type\":\"ListItem\",\"position\":1,\"name\":\"Accueil\",\"item\":\"https:\/\/prazadasyl.fr\/\"},{\"@type\":\"ListItem\",\"position\":2,\"name\":\"Contacts\"}]},{\"@type\":\"WebSite\",\"@id\":\"https:\/\/prazadasyl.fr\/#website\",\"url\":\"https:\/\/prazadasyl.fr\/\",\"name\":\"Prazadasyl suite de charme\",\"description\":\"Suite de charme en Charente\",\"potentialAction\":[{\"@type\":\"SearchAction\",\"target\":{\"@type\":\"EntryPoint\",\"urlTemplate\":\"https:\/\/prazadasyl.fr\/?s={search_term_string}\"},\"query-input\":{\"@type\":\"PropertyValueSpecification\",\"valueRequired\":true,\"valueName\":\"search_term_string\"}}],\"inLanguage\":\"fr-FR\"}]}<\/script>\n<!-- \/ Yoast SEO plugin. -->","yoast_head_json":{"title":"Contacts et r\u00e9servation - Chambre d'h\u00f4tes - suite de charme - Prazadasyl","description":"Contact et r\u00e9servation de notre chambre d'h\u00f4tes, suite de charme insolite \u00e0 proximit\u00e9 de Cognac, Charente Maritime","robots":{"index":"index","follow":"follow","max-snippet":"max-snippet:-1","max-image-preview":"max-image-preview:large","max-video-preview":"max-video-preview:-1"},"canonical":"http:\/\/prazadasyl.fr\/index.php\/contacts-et-reservations\/","og_locale":"fr_FR","og_type":"article","og_title":"Contacts et r\u00e9servation - Chambre d'h\u00f4tes - suite de charme - Prazadasyl","og_description":"Contact et r\u00e9servation de notre chambre d'h\u00f4tes, suite de charme insolite \u00e0 proximit\u00e9 de Cognac, Charente Maritime","og_url":"http:\/\/prazadasyl.fr\/index.php\/contacts-et-reservations\/","og_site_name":"Prazadasyl","article_modified_time":"2020-08-07T13:50:59+00:00","twitter_card":"summary_large_image","schema":{"@context":"https:\/\/schema.org","@graph":[{"@type":"WebPage","@id":"http:\/\/prazadasyl.fr\/index.php\/contacts-et-reservations\/","url":"http:\/\/prazadasyl.fr\/index.php\/contacts-et-reservations\/","name":"Contacts et r\u00e9servation - Chambre d'h\u00f4tes - suite de charme - Prazadasyl","isPartOf":{"@id":"https:\/\/prazadasyl.fr\/#website"},"datePublished":"2020-02-16T19:46:53+00:00","dateModified":"2020-08-07T13:50:59+00:00","description":"Contact et r\u00e9servation de notre chambre d'h\u00f4tes, suite de charme insolite \u00e0 proximit\u00e9 de Cognac, Charente Maritime","breadcrumb":{"@id":"http:\/\/prazadasyl.fr\/index.php\/contacts-et-reservations\/#breadcrumb"},"inLanguage":"fr-FR","potentialAction":[{"@type":"ReadAction","target":["http:\/\/prazadasyl.fr\/index.php\/contacts-et-reservations\/"]}]},{"@type":"BreadcrumbList","@id":"http:\/\/prazadasyl.fr\/index.php\/contacts-et-reservations\/#breadcrumb","itemListElement":[{"@type":"ListItem","position":1,"name":"Accueil","item":"https:\/\/prazadasyl.fr\/"},{"@type":"ListItem","position":2,"name":"Contacts"}]},{"@type":"WebSite","@id":"https:\/\/prazadasyl.fr\/#website","url":"https:\/\/prazadasyl.fr\/","name":"Prazadasyl suite de charme","description":"Suite de charme en Charente","potentialAction":[{"@type":"SearchAction","target":{"@type":"EntryPoint","urlTemplate":"https:\/\/prazadasyl.fr\/?s={search_term_string}"},"query-input":{"@type":"PropertyValueSpecification","valueRequired":true,"valueName":"search_term_string"}}],"inLanguage":"fr-FR"}]}},"_links":{"self":[{"href":"https:\/\/prazadasyl.fr\/index.php\/wp-json\/wp\/v2\/pages\/20","targetHints":{"allow":["GET"]}}],"collection":[{"href":"https:\/\/prazadasyl.fr\/index.php\/wp-json\/wp\/v2\/pages"}],"about":[{"href":"https:\/\/prazadasyl.fr\/index.php\/wp-json\/wp\/v2\/types\/page"}],"author":[{"embeddable":true,"href":"https:\/\/prazadasyl.fr\/index.php\/wp-json\/wp\/v2\/users\/1"}],"replies":[{"embeddable":true,"href":"https:\/\/prazadasyl.fr\/index.php\/wp-json\/wp\/v2\/comments?post=20"}],"version-history":[{"count":7,"href":"https:\/\/prazadasyl.fr\/index.php\/wp-json\/wp\/v2\/pages\/20\/revisions"}],"predecessor-version":[{"id":376,"href":"https:\/\/prazadasyl.fr\/index.php\/wp-json\/wp\/v2\/pages\/20\/revisions\/376"}],"wp:attachment":[{"href":"https:\/\/prazadasyl.fr\/index.php\/wp-json\/wp\/v2\/media?parent=20"}],"curies":[{"name":"wp","href":"https:\/\/api.w.org\/{rel}","templated":true}]}}